{"id":13,"date":"2024-10-09T15:23:16","date_gmt":"2024-10-09T12:23:16","guid":{"rendered":"http:\/\/space.xtemos.com\/demo\/rhea\/?page_id=11"},"modified":"2024-10-11T10:01:05","modified_gmt":"2024-10-11T07:01:05","slug":"hakkimizda","status":"publish","type":"page","link":"https:\/\/www.araratadventure.com\/tr\/hakkimizda\/","title":{"rendered":"Hakk\u0131m\u0131zda"},"content":{"rendered":"<div data-elementor-type=\"wp-page\" data-elementor-id=\"13\" class=\"elementor elementor-13\">\n\t\t\t\t\t\t<section class=\"xts-negative-gap elementor-section elementor-top-section elementor-element elementor-element-48292bd elementor-section-content-middle elementor-reverse-mobile elementor-reverse-tablet elementor-section-boxed elementor-section-height-default elementor-section-height-default xts-section-disabled\" data-id=\"48292bd\" data-element_type=\"section\" data-e-type=\"section\">\n\t\t\t\t\t\t<div class=\"elementor-container elementor-column-gap-wide\">\n\t\t\t\t\t<div class=\"elementor-column elementor-col-50 elementor-top-column elementor-element elementor-element-b060294\" data-id=\"b060294\" data-element_type=\"column\" data-e-type=\"column\">\n\t\t\t<div class=\"elementor-widget-wrap elementor-element-populated\">\n\t\t\t\t\t\t<div class=\"elementor-element elementor-element-9dd68bf elementor-widget elementor-widget-image\" data-id=\"9dd68bf\" data-element_type=\"widget\" data-e-type=\"widget\" data-widget_type=\"image.default\">\n\t\t\t\t<div class=\"elementor-widget-container\">\n\t\t\t\t\t\t\t\t\t\t\t\t\t\t\t<img fetchpriority=\"high\" decoding=\"async\" width=\"637\" height=\"493\" src=\"https:\/\/www.araratadventure.com\/wp-content\/uploads\/ararat-adventure-logo.png\" class=\"attachment-large size-large wp-image-1940\" alt=\"Agri dagi Tirmanis Turlari trekking yuruyusu agr\u0131 dag\u0131nda\" srcset=\"https:\/\/www.araratadventure.com\/wp-content\/uploads\/ararat-adventure-logo.png 637w, https:\/\/www.araratadventure.com\/wp-content\/uploads\/ararat-adventure-logo-450x348.png 450w, https:\/\/www.araratadventure.com\/wp-content\/uploads\/ararat-adventure-logo-600x464.png 600w, https:\/\/www.araratadventure.com\/wp-content\/uploads\/ararat-adventure-logo-200x155.png 200w\" sizes=\"(max-width: 637px) 100vw, 637px\" \/>\t\t\t\t\t\t\t\t\t\t\t\t\t\t\t<\/div>\n\t\t\t\t<\/div>\n\t\t\t\t\t<\/div>\n\t\t<\/div>\n\t\t\t\t<div class=\"elementor-column elementor-col-50 elementor-top-column elementor-element elementor-element-cc24485\" data-id=\"cc24485\" data-element_type=\"column\" data-e-type=\"column\">\n\t\t\t<div class=\"elementor-widget-wrap elementor-element-populated\">\n\t\t\t\t\t\t<div class=\"elementor-element elementor-element-3f5525e elementor-widget__width-auto elementor-widget elementor-widget-xts_shape\" data-id=\"3f5525e\" data-element_type=\"widget\" data-e-type=\"widget\" data-widget_type=\"xts_shape.default\">\n\t\t\t\t<div class=\"elementor-widget-container\">\n\t\t\t\t\t\t\t\t<div class=\"xts-shape\"><\/div>\n\t\t\t\t\t\t<\/div>\n\t\t\t\t<\/div>\n\t\t\t\t<div class=\"elementor-element elementor-element-196bcb1 xts-width-100 elementor-widget elementor-widget-xts_title\" data-id=\"196bcb1\" data-element_type=\"widget\" data-e-type=\"widget\" data-widget_type=\"xts_title.default\">\n\t\t\t\t<div class=\"elementor-widget-container\">\n\t\t\t\t\t\t\t\t<div class=\"xts-section-heading xts-reset-mb-10 xts-reset-last xts-textalign-left\" data-animation-delay=\"\">\n\t\t\t\t\n\t\t\t\t\t\t\t\t\t<h4 class=\"xts-section-title title xts-design-default xts-fontsize-xxl\">\n\t\t\t\t\t\t<span class=\"xts-section-title-text\" data-elementor-setting-key=\"title\">\n\t\t\t\t\t\t\tAgri dagi Tirmanis Turlari trekking yuruyusu agr\u0131 dag\u0131nda\t\t\t\t\t\t<\/span>\n\n\t\t\t\t\t\t\t\t\t\t\t<\/h4>\n\t\t\t\t\n\t\t\t\t\n\t\t\t\t\t\t\t<\/div>\n\t\t\t\t\t\t<\/div>\n\t\t\t\t<\/div>\n\t\t\t\t<div class=\"elementor-element elementor-element-4979d04 xts-scheme-inherit xts-textalign-inherit elementor-widget elementor-widget-text-editor\" data-id=\"4979d04\" data-element_type=\"widget\" data-e-type=\"widget\" data-widget_type=\"text-editor.default\">\n\t\t\t\t<div class=\"elementor-widget-container\">\n\t\t\t\t\t\t\t\t\t<p>Hem T\u00fcrkiye&#039;nin hem de Avrupa&#039;n\u0131n en y\u00fcksek noktas\u0131 olan A\u011fr\u0131 Da\u011f\u0131, do\u011fu T\u00fcrk ovas\u0131nda u\u00e7suz bucaks\u0131z bir mesafeden g\u00f6r\u00fclebilir ve bulutlar\u0131n i\u00e7ine do\u011fru uhrevi bir \u015fekilde y\u00fckselir. 2004 y\u0131l\u0131nda milli park ilan edilmi\u015ftir. T\u00fcm y\u0131l boyunca karla kapl\u0131 zirvesi, T\u00fcrkiye&#039;deki en b\u00fcy\u00fck kal\u0131c\u0131 buz k\u00fctlesi olan buzullarla kapl\u0131, hareketsiz bir volkanik konidir. Kutsal metinlerde, Nuh&#039;un Gemisi hikayesi ba\u011flam\u0131nda bahsedilmesi, bu masifi e\u015fsiz k\u0131lar. \u00dcnl\u00fc ka\u015fif Marco Polo taraf\u0131ndan &quot;t\u0131rman\u0131lmas\u0131 imkans\u0131z&quot; oldu\u011fu iddia edilen bu g\u00f6rkemli da\u011f, uzun y\u0131llar boyunca adrenalin ba\u011f\u0131ml\u0131s\u0131 ka\u015fiflerin r\u00fcyalar\u0131n\u0131 rahats\u0131z etti.<\/p><p>A\u011fr\u0131 Da\u011f\u0131 Y\u00fcr\u00fcy\u00fc\u015f Rotalar\u0131<br \/>A\u011fr\u0131 Da\u011f\u0131&#039;n\u0131n konisi, 3000 metreden daha y\u00fcksek birka\u00e7 zirve ile \u00e7evrilidir. T\u00fcm bu da\u011flar\u0131n yama\u00e7lar\u0131, eski volkanik patlamalar taraf\u0131ndan p\u00fcsk\u00fcrt\u00fclen bazalt bloklar\u0131 ve lav ak\u0131nt\u0131lar\u0131yla kapl\u0131d\u0131r. \u00c7e\u015fitli ku\u015flara ve nadir yabani \u00e7i\u00e7eklere ve k\u00fc\u00e7\u00fck g\u00f6llere ev sahipli\u011fi yaparlar.<\/p><p>B\u00f6lge, bir\u00e7ok tan\u0131nm\u0131\u015f da\u011fc\u0131l\u0131k rotas\u0131yla da\u011fc\u0131lar\u0131 ve do\u011fa tutkunlar\u0131n\u0131 cezbetmektedir. T\u00fcrkiye&#039;nin &quot;\u00e7at\u0131s\u0131&quot; olarak bilinen A\u011fr\u0131 ili, T\u00fcrkiye&#039;nin en y\u00fcksek d\u00f6rt zirvesini i\u00e7erir: B\u00fcy\u00fck A\u011fr\u0131 5137m., S\u00fcphan Da\u011f\u0131 4058m., K\u00fc\u00e7\u00fck A\u011fr\u0131 3896m., Tend\u00fcrek Da\u011f\u0131 3533m.<\/p>\t\t\t\t\t\t\t\t<\/div>\n\t\t\t\t<\/div>\n\t\t\t\t<div class=\"elementor-element elementor-element-ea61f55 elementor-widget elementor-widget-xts_button\" data-id=\"ea61f55\" data-element_type=\"widget\" data-e-type=\"widget\" data-widget_type=\"xts_button.default\">\n\t\t\t\t<div class=\"elementor-widget-container\">\n\t\t\t\t\t\t\t\t<div class=\"xts-button-wrapper xts-textalign-left\" >\n\t\t\t\t\t\t\t\t\t<a class=\"xts-button xts-size-m xts-style-default xts-color-custom xts-shape-rectangle\"  href=\"https:\/\/www.araratadventure.com\/tr\/bize-ulasin\/\">\n\t\t\t\t\t\t<span class=\"xts-button-text\" data-elementor-setting-key=\"button_text\">\n\t\t\t\t\t\t\tBize Ula\u015f\u0131n!\t\t\t\t\t\t<\/span>\n\n\t\t\t\t\t\t\t\t\t\t\t<\/a>\n\t\t\t\t\t\t\t<\/div>\n\t\t\t\t\t\t<\/div>\n\t\t\t\t<\/div>\n\t\t\t\t\t<\/div>\n\t\t<\/div>\n\t\t\t\t\t<\/div>\n\t\t<\/section>\n\t\t\t\t<\/div>","protected":false},"excerpt":{"rendered":"<p>Ararat Adventure Mount Ararat (A\u011fr\u0131), the highest point of both Turkey and Europe, can be seen from vast distances across the eastern Turkish plain, rising ethereally into the clouds. In 2004, it was declared a national park. Its summit, snow-capped all year, is a dormant volcanic cone covered with glaciers, the largest permanent ice-mass in [&hellip;]<\/p>","protected":false},"author":1,"featured_media":0,"parent":0,"menu_order":0,"comment_status":"closed","ping_status":"closed","template":"","meta":{"footnotes":""},"class_list":["post-13","page","type-page","status-publish","hentry"],"yoast_head":"<!-- This site is optimized with the Yoast SEO plugin v27.5 - https:\/\/yoast.com\/product\/yoast-seo-wordpress\/ -->\n<title>About Us - Ararat Adventure<\/title>\n<meta name=\"robots\" content=\"index, follow, max-snippet:-1, max-image-preview:large, max-video-preview:-1\" \/>\n<link rel=\"canonical\" href=\"https:\/\/www.araratadventure.com\/tr\/hakkimizda\/\" \/>\n<meta property=\"og:locale\" content=\"tr_TR\" \/>\n<meta property=\"og:type\" content=\"article\" \/>\n<meta property=\"og:title\" content=\"About Us - Ararat Adventure\" \/>\n<meta property=\"og:description\" content=\"Ararat Adventure Mount Ararat (A\u011fr\u0131), the highest point of both Turkey and Europe, can be seen from vast distances across the eastern Turkish plain, rising ethereally into the clouds. In 2004, it was declared a national park. Its summit, snow-capped all year, is a dormant volcanic cone covered with glaciers, the largest permanent ice-mass in [&hellip;]\" \/>\n<meta property=\"og:url\" content=\"https:\/\/www.araratadventure.com\/tr\/hakkimizda\/\" \/>\n<meta property=\"og:site_name\" content=\"Ararat Adventure\" \/>\n<meta property=\"article:modified_time\" content=\"2024-10-11T07:01:05+00:00\" \/>\n<meta property=\"og:image\" content=\"https:\/\/www.araratadventure.com\/wp-content\/uploads\/ararat-adventure-logo.png\" \/>\n\t<meta property=\"og:image:width\" content=\"637\" \/>\n\t<meta property=\"og:image:height\" content=\"493\" \/>\n\t<meta property=\"og:image:type\" content=\"image\/png\" \/>\n<meta name=\"twitter:card\" content=\"summary_large_image\" \/>\n<meta name=\"twitter:label1\" content=\"Tahmini okuma s\u00fcresi\" \/>\n\t<meta name=\"twitter:data1\" content=\"2 dakika\" \/>\n<script type=\"application\/ld+json\" class=\"yoast-schema-graph\">{\"@context\":\"https:\\\/\\\/schema.org\",\"@graph\":[{\"@type\":\"WebPage\",\"@id\":\"https:\\\/\\\/www.araratadventure.com\\\/about-us\\\/\",\"url\":\"https:\\\/\\\/www.araratadventure.com\\\/about-us\\\/\",\"name\":\"About Us - Ararat Adventure\",\"isPartOf\":{\"@id\":\"https:\\\/\\\/www.araratadventure.com\\\/#website\"},\"primaryImageOfPage\":{\"@id\":\"https:\\\/\\\/www.araratadventure.com\\\/about-us\\\/#primaryimage\"},\"image\":{\"@id\":\"https:\\\/\\\/www.araratadventure.com\\\/about-us\\\/#primaryimage\"},\"thumbnailUrl\":\"https:\\\/\\\/www.araratadventure.com\\\/wp-content\\\/uploads\\\/ararat-adventure-logo.png\",\"datePublished\":\"2024-10-09T12:23:16+00:00\",\"dateModified\":\"2024-10-11T07:01:05+00:00\",\"breadcrumb\":{\"@id\":\"https:\\\/\\\/www.araratadventure.com\\\/about-us\\\/#breadcrumb\"},\"inLanguage\":\"tr\",\"potentialAction\":[{\"@type\":\"ReadAction\",\"target\":[\"https:\\\/\\\/www.araratadventure.com\\\/about-us\\\/\"]}]},{\"@type\":\"ImageObject\",\"inLanguage\":\"tr\",\"@id\":\"https:\\\/\\\/www.araratadventure.com\\\/about-us\\\/#primaryimage\",\"url\":\"https:\\\/\\\/www.araratadventure.com\\\/wp-content\\\/uploads\\\/ararat-adventure-logo.png\",\"contentUrl\":\"https:\\\/\\\/www.araratadventure.com\\\/wp-content\\\/uploads\\\/ararat-adventure-logo.png\"},{\"@type\":\"BreadcrumbList\",\"@id\":\"https:\\\/\\\/www.araratadventure.com\\\/about-us\\\/#breadcrumb\",\"itemListElement\":[{\"@type\":\"ListItem\",\"position\":1,\"name\":\"Home\",\"item\":\"https:\\\/\\\/www.araratadventure.com\\\/\"},{\"@type\":\"ListItem\",\"position\":2,\"name\":\"About Us\"}]},{\"@type\":\"WebSite\",\"@id\":\"https:\\\/\\\/www.araratadventure.com\\\/#website\",\"url\":\"https:\\\/\\\/www.araratadventure.com\\\/\",\"name\":\"Ararat Adventure\",\"description\":\"Trekking expedition organizer agency\",\"potentialAction\":[{\"@type\":\"SearchAction\",\"target\":{\"@type\":\"EntryPoint\",\"urlTemplate\":\"https:\\\/\\\/www.araratadventure.com\\\/?s={search_term_string}\"},\"query-input\":{\"@type\":\"PropertyValueSpecification\",\"valueRequired\":true,\"valueName\":\"search_term_string\"}}],\"inLanguage\":\"tr\"}]}<\/script>\n<!-- \/ Yoast SEO plugin. -->","yoast_head_json":{"title":"About Us - Ararat Adventure","robots":{"index":"index","follow":"follow","max-snippet":"max-snippet:-1","max-image-preview":"max-image-preview:large","max-video-preview":"max-video-preview:-1"},"canonical":"https:\/\/www.araratadventure.com\/tr\/hakkimizda\/","og_locale":"tr_TR","og_type":"article","og_title":"About Us - Ararat Adventure","og_description":"Ararat Adventure Mount Ararat (A\u011fr\u0131), the highest point of both Turkey and Europe, can be seen from vast distances across the eastern Turkish plain, rising ethereally into the clouds. In 2004, it was declared a national park. Its summit, snow-capped all year, is a dormant volcanic cone covered with glaciers, the largest permanent ice-mass in [&hellip;]","og_url":"https:\/\/www.araratadventure.com\/tr\/hakkimizda\/","og_site_name":"Ararat Adventure","article_modified_time":"2024-10-11T07:01:05+00:00","og_image":[{"width":637,"height":493,"url":"https:\/\/www.araratadventure.com\/wp-content\/uploads\/ararat-adventure-logo.png","type":"image\/png"}],"twitter_card":"summary_large_image","twitter_misc":{"Tahmini okuma s\u00fcresi":"2 dakika"},"schema":{"@context":"https:\/\/schema.org","@graph":[{"@type":"WebPage","@id":"https:\/\/www.araratadventure.com\/about-us\/","url":"https:\/\/www.araratadventure.com\/about-us\/","name":"About Us - Ararat Adventure","isPartOf":{"@id":"https:\/\/www.araratadventure.com\/#website"},"primaryImageOfPage":{"@id":"https:\/\/www.araratadventure.com\/about-us\/#primaryimage"},"image":{"@id":"https:\/\/www.araratadventure.com\/about-us\/#primaryimage"},"thumbnailUrl":"https:\/\/www.araratadventure.com\/wp-content\/uploads\/ararat-adventure-logo.png","datePublished":"2024-10-09T12:23:16+00:00","dateModified":"2024-10-11T07:01:05+00:00","breadcrumb":{"@id":"https:\/\/www.araratadventure.com\/about-us\/#breadcrumb"},"inLanguage":"tr","potentialAction":[{"@type":"ReadAction","target":["https:\/\/www.araratadventure.com\/about-us\/"]}]},{"@type":"ImageObject","inLanguage":"tr","@id":"https:\/\/www.araratadventure.com\/about-us\/#primaryimage","url":"https:\/\/www.araratadventure.com\/wp-content\/uploads\/ararat-adventure-logo.png","contentUrl":"https:\/\/www.araratadventure.com\/wp-content\/uploads\/ararat-adventure-logo.png"},{"@type":"BreadcrumbList","@id":"https:\/\/www.araratadventure.com\/about-us\/#breadcrumb","itemListElement":[{"@type":"ListItem","position":1,"name":"Home","item":"https:\/\/www.araratadventure.com\/"},{"@type":"ListItem","position":2,"name":"About Us"}]},{"@type":"WebSite","@id":"https:\/\/www.araratadventure.com\/#website","url":"https:\/\/www.araratadventure.com\/","name":"Ararat Adventure","description":"Trekking expedition organizer agency","potentialAction":[{"@type":"SearchAction","target":{"@type":"EntryPoint","urlTemplate":"https:\/\/www.araratadventure.com\/?s={search_term_string}"},"query-input":{"@type":"PropertyValueSpecification","valueRequired":true,"valueName":"search_term_string"}}],"inLanguage":"tr"}]}},"_links":{"self":[{"href":"https:\/\/www.araratadventure.com\/tr\/wp-json\/wp\/v2\/pages\/13","targetHints":{"allow":["GET"]}}],"collection":[{"href":"https:\/\/www.araratadventure.com\/tr\/wp-json\/wp\/v2\/pages"}],"about":[{"href":"https:\/\/www.araratadventure.com\/tr\/wp-json\/wp\/v2\/types\/page"}],"author":[{"embeddable":true,"href":"https:\/\/www.araratadventure.com\/tr\/wp-json\/wp\/v2\/users\/1"}],"replies":[{"embeddable":true,"href":"https:\/\/www.araratadventure.com\/tr\/wp-json\/wp\/v2\/comments?post=13"}],"version-history":[{"count":26,"href":"https:\/\/www.araratadventure.com\/tr\/wp-json\/wp\/v2\/pages\/13\/revisions"}],"predecessor-version":[{"id":2113,"href":"https:\/\/www.araratadventure.com\/tr\/wp-json\/wp\/v2\/pages\/13\/revisions\/2113"}],"wp:attachment":[{"href":"https:\/\/www.araratadventure.com\/tr\/wp-json\/wp\/v2\/media?parent=13"}],"curies":[{"name":"wp","href":"https:\/\/api.w.org\/{rel}","templated":true}]}}